{"id":71,"date":"2018-07-23T07:56:05","date_gmt":"2018-07-23T07:56:05","guid":{"rendered":"http:\/\/welchsfruitsnacks.ca\/?page_id=71"},"modified":"2019-03-20T19:38:13","modified_gmt":"2019-03-20T19:38:13","slug":"faq","status":"publish","type":"page","link":"https:\/\/welchsfruitsnacks.ca\/fr\/faq\/","title":{"rendered":"FAQ"},"content":{"rendered":"<p>Nous comprenons que les gens souhaitent plus que jamais avoir un acc\u00e8s libre et facile \u00e0 des renseignements sur les marques, les ingr\u00e9dients, la fa\u00e7on dont les produits sont fabriqu\u00e9s et commercialis\u00e9s, et bien plus encore. Pour y rem\u00e9dier, nous avons cr\u00e9\u00e9 une foire aux questions. Si vous ne voyez pas votre question, n\u2019h\u00e9sitez pas \u00e0 communiquer avec nous. Nous nous engageons \u00e0 r\u00e9pondre rapidement et en toute transparence aux questions concernant nos produits.<\/p>","protected":false},"excerpt":{"rendered":"<p>Nous comprenons que les gens souhaitent plus que jamais avoir un acc\u00e8s libre et facile \u00e0 des renseignements sur les marques, les ingr\u00e9dients, la fa\u00e7on dont les produits sont fabriqu\u00e9s et commercialis\u00e9s, et bien plus encore. Pour y rem\u00e9dier, nous avons cr\u00e9\u00e9 une foire aux questions. Si vous ne voyez pas votre question, n\u2019h\u00e9sitez pas [&hellip;]<\/p>\n","protected":false},"author":1,"featured_media":0,"parent":0,"menu_order":0,"comment_status":"closed","ping_status":"closed","template":"","meta":{"footnotes":""},"class_list":["post-71","page","type-page","status-publish","hentry"],"yoast_head":"<!-- This site is optimized with the Yoast SEO plugin v27.2 - https:\/\/yoast.com\/product\/yoast-seo-wordpress\/ -->\n<title>FAQ - Welch\u2019s\u00ae Fruit Snacks<\/title>\n<meta name=\"description\" content=\"We&#039;ve complied some frequently asked questions for Welch\u2019s\u00ae Fruit Snacks, Fruit \u2018n Yogurt\u2122 Snacks and Fruit Rolls. If you don&#039;t see your question listed please reach out to us.\" \/>\n<meta name=\"robots\" content=\"index, follow, max-snippet:-1, max-image-preview:large, max-video-preview:-1\" \/>\n<link rel=\"canonical\" href=\"https:\/\/welchsfruitsnacks.ca\/faq\/\" \/>\n<meta property=\"og:locale\" content=\"fr_FR\" \/>\n<meta property=\"og:type\" content=\"article\" \/>\n<meta property=\"og:title\" content=\"FAQ - Welch\u2019s\u00ae Fruit Snacks\" \/>\n<meta property=\"og:description\" content=\"We&#039;ve complied some frequently asked questions for Welch\u2019s\u00ae Fruit Snacks, Fruit \u2018n Yogurt\u2122 Snacks and Fruit Rolls. If you don&#039;t see your question listed please reach out to us.\" \/>\n<meta property=\"og:url\" content=\"https:\/\/welchsfruitsnacks.ca\/faq\/\" \/>\n<meta property=\"og:site_name\" content=\"Collations aux Fruits de Welch\u2019s\u1d39\u1d30\" \/>\n<meta property=\"article:publisher\" content=\"https:\/\/www.facebook.com\/WelchsFruitSnacks\" \/>\n<meta property=\"article:modified_time\" content=\"2019-03-20T19:38:13+00:00\" \/>\n<meta name=\"twitter:card\" content=\"summary_large_image\" \/>\n<meta name=\"twitter:site\" content=\"@WelchsFruitSnck\" \/>\n<meta name=\"twitter:label1\" content=\"Dur\u00e9e de lecture estim\u00e9e\" \/>\n\t<meta name=\"twitter:data1\" content=\"1 minute\" \/>\n<script type=\"application\/ld+json\" class=\"yoast-schema-graph\">{\"@context\":\"https:\/\/schema.org\",\"@graph\":[{\"@type\":\"WebPage\",\"@id\":\"https:\/\/welchsfruitsnacks.ca\/faq\/\",\"url\":\"https:\/\/welchsfruitsnacks.ca\/faq\/\",\"name\":\"FAQ - Welch\u2019s\u00ae Fruit Snacks\",\"isPartOf\":{\"@id\":\"https:\/\/welchsfruitsnacks.ca\/#website\"},\"datePublished\":\"2018-07-23T07:56:05+00:00\",\"dateModified\":\"2019-03-20T19:38:13+00:00\",\"description\":\"We've complied some frequently asked questions for Welch\u2019s\u00ae Fruit Snacks, Fruit \u2018n Yogurt\u2122 Snacks and Fruit Rolls. If you don't see your question listed please reach out to us.\",\"breadcrumb\":{\"@id\":\"https:\/\/welchsfruitsnacks.ca\/faq\/#breadcrumb\"},\"inLanguage\":\"fr-FR\",\"potentialAction\":[{\"@type\":\"ReadAction\",\"target\":[\"https:\/\/welchsfruitsnacks.ca\/faq\/\"]}]},{\"@type\":\"BreadcrumbList\",\"@id\":\"https:\/\/welchsfruitsnacks.ca\/faq\/#breadcrumb\",\"itemListElement\":[{\"@type\":\"ListItem\",\"position\":1,\"name\":\"Home\",\"item\":\"https:\/\/welchsfruitsnacks.ca\/\"},{\"@type\":\"ListItem\",\"position\":2,\"name\":\"FAQ\"}]},{\"@type\":\"WebSite\",\"@id\":\"https:\/\/welchsfruitsnacks.ca\/#website\",\"url\":\"https:\/\/welchsfruitsnacks.ca\/\",\"name\":\"Collations aux Fruits de Welch\u2019s\u1d39\u1d30\",\"description\":\"Fabriqu\u00e9es avec de vrais fruits\",\"potentialAction\":[{\"@type\":\"SearchAction\",\"target\":{\"@type\":\"EntryPoint\",\"urlTemplate\":\"https:\/\/welchsfruitsnacks.ca\/?s={search_term_string}\"},\"query-input\":{\"@type\":\"PropertyValueSpecification\",\"valueRequired\":true,\"valueName\":\"search_term_string\"}}],\"inLanguage\":\"fr-FR\"}]}<\/script>\n<!-- \/ Yoast SEO plugin. -->","yoast_head_json":{"title":"FAQ - Welch\u2019s\u00ae Fruit Snacks","description":"We've complied some frequently asked questions for Welch\u2019s\u00ae Fruit Snacks, Fruit \u2018n Yogurt\u2122 Snacks and Fruit Rolls. If you don't see your question listed please reach out to us.","robots":{"index":"index","follow":"follow","max-snippet":"max-snippet:-1","max-image-preview":"max-image-preview:large","max-video-preview":"max-video-preview:-1"},"canonical":"https:\/\/welchsfruitsnacks.ca\/faq\/","og_locale":"fr_FR","og_type":"article","og_title":"FAQ - Welch\u2019s\u00ae Fruit Snacks","og_description":"We've complied some frequently asked questions for Welch\u2019s\u00ae Fruit Snacks, Fruit \u2018n Yogurt\u2122 Snacks and Fruit Rolls. If you don't see your question listed please reach out to us.","og_url":"https:\/\/welchsfruitsnacks.ca\/faq\/","og_site_name":"Collations aux Fruits de Welch\u2019s\u1d39\u1d30","article_publisher":"https:\/\/www.facebook.com\/WelchsFruitSnacks","article_modified_time":"2019-03-20T19:38:13+00:00","twitter_card":"summary_large_image","twitter_site":"@WelchsFruitSnck","twitter_misc":{"Dur\u00e9e de lecture estim\u00e9e":"1 minute"},"schema":{"@context":"https:\/\/schema.org","@graph":[{"@type":"WebPage","@id":"https:\/\/welchsfruitsnacks.ca\/faq\/","url":"https:\/\/welchsfruitsnacks.ca\/faq\/","name":"FAQ - Welch\u2019s\u00ae Fruit Snacks","isPartOf":{"@id":"https:\/\/welchsfruitsnacks.ca\/#website"},"datePublished":"2018-07-23T07:56:05+00:00","dateModified":"2019-03-20T19:38:13+00:00","description":"We've complied some frequently asked questions for Welch\u2019s\u00ae Fruit Snacks, Fruit \u2018n Yogurt\u2122 Snacks and Fruit Rolls. If you don't see your question listed please reach out to us.","breadcrumb":{"@id":"https:\/\/welchsfruitsnacks.ca\/faq\/#breadcrumb"},"inLanguage":"fr-FR","potentialAction":[{"@type":"ReadAction","target":["https:\/\/welchsfruitsnacks.ca\/faq\/"]}]},{"@type":"BreadcrumbList","@id":"https:\/\/welchsfruitsnacks.ca\/faq\/#breadcrumb","itemListElement":[{"@type":"ListItem","position":1,"name":"Home","item":"https:\/\/welchsfruitsnacks.ca\/"},{"@type":"ListItem","position":2,"name":"FAQ"}]},{"@type":"WebSite","@id":"https:\/\/welchsfruitsnacks.ca\/#website","url":"https:\/\/welchsfruitsnacks.ca\/","name":"Collations aux Fruits de Welch\u2019s\u1d39\u1d30","description":"Fabriqu\u00e9es avec de vrais fruits","potentialAction":[{"@type":"SearchAction","target":{"@type":"EntryPoint","urlTemplate":"https:\/\/welchsfruitsnacks.ca\/?s={search_term_string}"},"query-input":{"@type":"PropertyValueSpecification","valueRequired":true,"valueName":"search_term_string"}}],"inLanguage":"fr-FR"}]}},"_links":{"self":[{"href":"https:\/\/welchsfruitsnacks.ca\/fr\/wp-json\/wp\/v2\/pages\/71","targetHints":{"allow":["GET"]}}],"collection":[{"href":"https:\/\/welchsfruitsnacks.ca\/fr\/wp-json\/wp\/v2\/pages"}],"about":[{"href":"https:\/\/welchsfruitsnacks.ca\/fr\/wp-json\/wp\/v2\/types\/page"}],"author":[{"embeddable":true,"href":"https:\/\/welchsfruitsnacks.ca\/fr\/wp-json\/wp\/v2\/users\/1"}],"replies":[{"embeddable":true,"href":"https:\/\/welchsfruitsnacks.ca\/fr\/wp-json\/wp\/v2\/comments?post=71"}],"version-history":[{"count":11,"href":"https:\/\/welchsfruitsnacks.ca\/fr\/wp-json\/wp\/v2\/pages\/71\/revisions"}],"predecessor-version":[{"id":539,"href":"https:\/\/welchsfruitsnacks.ca\/fr\/wp-json\/wp\/v2\/pages\/71\/revisions\/539"}],"wp:attachment":[{"href":"https:\/\/welchsfruitsnacks.ca\/fr\/wp-json\/wp\/v2\/media?parent=71"}],"curies":[{"name":"wp","href":"https:\/\/api.w.org\/{rel}","templated":true}]}}