{"id":272,"date":"2018-08-15T07:07:57","date_gmt":"2018-08-15T07:07:57","guid":{"rendered":"http:\/\/welchsfruitsnacks.ca\/?page_id=272"},"modified":"2019-03-20T19:38:34","modified_gmt":"2019-03-20T19:38:34","slug":"where-to-buy","status":"publish","type":"page","link":"https:\/\/welchsfruitsnacks.ca\/fr\/localisateur-de-produits\/","title":{"rendered":"Localisateur de produits"},"content":{"rendered":"<p>Les collations aux fruits de Welch&rsquo;s<sup>MD<\/sup> sont vendues partout au pays dans les \u00e9piceries, pharmacies, d\u00e9panneurs, magasins-entrep\u00f4ts, d\u00e9taillants en ligne et dans vos lieux de voyage et de divertissements favoris. Voici un aper\u00e7u des endroits o\u00f9 vous pouvez trouver les collations aux fruits de Welch\u2019s<sup>MD<\/sup>.<\/p>","protected":false},"excerpt":{"rendered":"<p>Les collations aux fruits de Welch&rsquo;sMD sont vendues partout au pays dans les \u00e9piceries, pharmacies, d\u00e9panneurs, magasins-entrep\u00f4ts, d\u00e9taillants en ligne et dans vos lieux de voyage et de divertissements favoris. Voici un aper\u00e7u des endroits o\u00f9 vous pouvez trouver les collations aux fruits de Welch\u2019sMD.<\/p>\n","protected":false},"author":1,"featured_media":0,"parent":0,"menu_order":0,"comment_status":"closed","ping_status":"closed","template":"","meta":{"footnotes":""},"class_list":["post-272","page","type-page","status-publish","hentry"],"yoast_head":"<!-- This site is optimized with the Yoast SEO plugin v27.2 - https:\/\/yoast.com\/product\/yoast-seo-wordpress\/ -->\n<title>Localisateur de produits - Collations aux Fruits de Welch\u2019s\u1d39\u1d30<\/title>\n<meta name=\"description\" content=\"Les collations aux fruits de Welch\u2019s\u1d39\u1d30 sont vendues partout au pays dans les \u00e9piceries, pharmacies, d\u00e9panneurs, magasins-entrep\u00f4ts, d\u00e9taillants en ligne et dans vos lieux de voyage et de divertissements favoris.\" \/>\n<meta name=\"robots\" content=\"index, follow, max-snippet:-1, max-image-preview:large, max-video-preview:-1\" \/>\n<link rel=\"canonical\" href=\"https:\/\/welchsfruitsnacks.ca\/fr\/localisateur-de-produits\/\" \/>\n<meta property=\"og:locale\" content=\"fr_FR\" \/>\n<meta property=\"og:type\" content=\"article\" \/>\n<meta property=\"og:title\" content=\"Localisateur de produits - Collations aux Fruits de Welch\u2019s\u1d39\u1d30\" \/>\n<meta property=\"og:description\" content=\"Les collations aux fruits de Welch\u2019s\u1d39\u1d30 sont vendues partout au pays dans les \u00e9piceries, pharmacies, d\u00e9panneurs, magasins-entrep\u00f4ts, d\u00e9taillants en ligne et dans vos lieux de voyage et de divertissements favoris.\" \/>\n<meta property=\"og:url\" content=\"https:\/\/welchsfruitsnacks.ca\/fr\/localisateur-de-produits\/\" \/>\n<meta property=\"og:site_name\" content=\"Collations aux Fruits de Welch\u2019s\u1d39\u1d30\" \/>\n<meta property=\"article:publisher\" content=\"https:\/\/www.facebook.com\/WelchsFruitSnacks\" \/>\n<meta property=\"article:modified_time\" content=\"2019-03-20T19:38:34+00:00\" \/>\n<meta name=\"twitter:card\" content=\"summary_large_image\" \/>\n<meta name=\"twitter:site\" content=\"@WelchsFruitSnck\" \/>\n<script type=\"application\/ld+json\" class=\"yoast-schema-graph\">{\"@context\":\"https:\/\/schema.org\",\"@graph\":[{\"@type\":\"WebPage\",\"@id\":\"https:\/\/welchsfruitsnacks.ca\/fr\/localisateur-de-produits\/\",\"url\":\"https:\/\/welchsfruitsnacks.ca\/fr\/localisateur-de-produits\/\",\"name\":\"Localisateur de produits - Collations aux Fruits de Welch\u2019s\u1d39\u1d30\",\"isPartOf\":{\"@id\":\"https:\/\/welchsfruitsnacks.ca\/#website\"},\"datePublished\":\"2018-08-15T07:07:57+00:00\",\"dateModified\":\"2019-03-20T19:38:34+00:00\",\"description\":\"Les collations aux fruits de Welch\u2019s\u1d39\u1d30 sont vendues partout au pays dans les \u00e9piceries, pharmacies, d\u00e9panneurs, magasins-entrep\u00f4ts, d\u00e9taillants en ligne et dans vos lieux de voyage et de divertissements favoris.\",\"breadcrumb\":{\"@id\":\"https:\/\/welchsfruitsnacks.ca\/fr\/localisateur-de-produits\/#breadcrumb\"},\"inLanguage\":\"fr-FR\",\"potentialAction\":[{\"@type\":\"ReadAction\",\"target\":[\"https:\/\/welchsfruitsnacks.ca\/fr\/localisateur-de-produits\/\"]}]},{\"@type\":\"BreadcrumbList\",\"@id\":\"https:\/\/welchsfruitsnacks.ca\/fr\/localisateur-de-produits\/#breadcrumb\",\"itemListElement\":[{\"@type\":\"ListItem\",\"position\":1,\"name\":\"Home\",\"item\":\"https:\/\/welchsfruitsnacks.ca\/\"},{\"@type\":\"ListItem\",\"position\":2,\"name\":\"Localisateur de produits\"}]},{\"@type\":\"WebSite\",\"@id\":\"https:\/\/welchsfruitsnacks.ca\/#website\",\"url\":\"https:\/\/welchsfruitsnacks.ca\/\",\"name\":\"Collations aux Fruits de Welch\u2019s\u1d39\u1d30\",\"description\":\"Fabriqu\u00e9es avec de vrais fruits\",\"potentialAction\":[{\"@type\":\"SearchAction\",\"target\":{\"@type\":\"EntryPoint\",\"urlTemplate\":\"https:\/\/welchsfruitsnacks.ca\/?s={search_term_string}\"},\"query-input\":{\"@type\":\"PropertyValueSpecification\",\"valueRequired\":true,\"valueName\":\"search_term_string\"}}],\"inLanguage\":\"fr-FR\"}]}<\/script>\n<!-- \/ Yoast SEO plugin. -->","yoast_head_json":{"title":"Localisateur de produits - Collations aux Fruits de Welch\u2019s\u1d39\u1d30","description":"Les collations aux fruits de Welch\u2019s\u1d39\u1d30 sont vendues partout au pays dans les \u00e9piceries, pharmacies, d\u00e9panneurs, magasins-entrep\u00f4ts, d\u00e9taillants en ligne et dans vos lieux de voyage et de divertissements favoris.","robots":{"index":"index","follow":"follow","max-snippet":"max-snippet:-1","max-image-preview":"max-image-preview:large","max-video-preview":"max-video-preview:-1"},"canonical":"https:\/\/welchsfruitsnacks.ca\/fr\/localisateur-de-produits\/","og_locale":"fr_FR","og_type":"article","og_title":"Localisateur de produits - Collations aux Fruits de Welch\u2019s\u1d39\u1d30","og_description":"Les collations aux fruits de Welch\u2019s\u1d39\u1d30 sont vendues partout au pays dans les \u00e9piceries, pharmacies, d\u00e9panneurs, magasins-entrep\u00f4ts, d\u00e9taillants en ligne et dans vos lieux de voyage et de divertissements favoris.","og_url":"https:\/\/welchsfruitsnacks.ca\/fr\/localisateur-de-produits\/","og_site_name":"Collations aux Fruits de Welch\u2019s\u1d39\u1d30","article_publisher":"https:\/\/www.facebook.com\/WelchsFruitSnacks","article_modified_time":"2019-03-20T19:38:34+00:00","twitter_card":"summary_large_image","twitter_site":"@WelchsFruitSnck","schema":{"@context":"https:\/\/schema.org","@graph":[{"@type":"WebPage","@id":"https:\/\/welchsfruitsnacks.ca\/fr\/localisateur-de-produits\/","url":"https:\/\/welchsfruitsnacks.ca\/fr\/localisateur-de-produits\/","name":"Localisateur de produits - Collations aux Fruits de Welch\u2019s\u1d39\u1d30","isPartOf":{"@id":"https:\/\/welchsfruitsnacks.ca\/#website"},"datePublished":"2018-08-15T07:07:57+00:00","dateModified":"2019-03-20T19:38:34+00:00","description":"Les collations aux fruits de Welch\u2019s\u1d39\u1d30 sont vendues partout au pays dans les \u00e9piceries, pharmacies, d\u00e9panneurs, magasins-entrep\u00f4ts, d\u00e9taillants en ligne et dans vos lieux de voyage et de divertissements favoris.","breadcrumb":{"@id":"https:\/\/welchsfruitsnacks.ca\/fr\/localisateur-de-produits\/#breadcrumb"},"inLanguage":"fr-FR","potentialAction":[{"@type":"ReadAction","target":["https:\/\/welchsfruitsnacks.ca\/fr\/localisateur-de-produits\/"]}]},{"@type":"BreadcrumbList","@id":"https:\/\/welchsfruitsnacks.ca\/fr\/localisateur-de-produits\/#breadcrumb","itemListElement":[{"@type":"ListItem","position":1,"name":"Home","item":"https:\/\/welchsfruitsnacks.ca\/"},{"@type":"ListItem","position":2,"name":"Localisateur de produits"}]},{"@type":"WebSite","@id":"https:\/\/welchsfruitsnacks.ca\/#website","url":"https:\/\/welchsfruitsnacks.ca\/","name":"Collations aux Fruits de Welch\u2019s\u1d39\u1d30","description":"Fabriqu\u00e9es avec de vrais fruits","potentialAction":[{"@type":"SearchAction","target":{"@type":"EntryPoint","urlTemplate":"https:\/\/welchsfruitsnacks.ca\/?s={search_term_string}"},"query-input":{"@type":"PropertyValueSpecification","valueRequired":true,"valueName":"search_term_string"}}],"inLanguage":"fr-FR"}]}},"_links":{"self":[{"href":"https:\/\/welchsfruitsnacks.ca\/fr\/wp-json\/wp\/v2\/pages\/272","targetHints":{"allow":["GET"]}}],"collection":[{"href":"https:\/\/welchsfruitsnacks.ca\/fr\/wp-json\/wp\/v2\/pages"}],"about":[{"href":"https:\/\/welchsfruitsnacks.ca\/fr\/wp-json\/wp\/v2\/types\/page"}],"author":[{"embeddable":true,"href":"https:\/\/welchsfruitsnacks.ca\/fr\/wp-json\/wp\/v2\/users\/1"}],"replies":[{"embeddable":true,"href":"https:\/\/welchsfruitsnacks.ca\/fr\/wp-json\/wp\/v2\/comments?post=272"}],"version-history":[{"count":19,"href":"https:\/\/welchsfruitsnacks.ca\/fr\/wp-json\/wp\/v2\/pages\/272\/revisions"}],"predecessor-version":[{"id":528,"href":"https:\/\/welchsfruitsnacks.ca\/fr\/wp-json\/wp\/v2\/pages\/272\/revisions\/528"}],"wp:attachment":[{"href":"https:\/\/welchsfruitsnacks.ca\/fr\/wp-json\/wp\/v2\/media?parent=272"}],"curies":[{"name":"wp","href":"https:\/\/api.w.org\/{rel}","templated":true}]}}