{"id":142,"date":"2018-08-01T07:22:35","date_gmt":"2018-08-01T07:22:35","guid":{"rendered":"http:\/\/welchsfruitsnacks.ca\/?page_id=142"},"modified":"2026-02-11T14:32:19","modified_gmt":"2026-02-11T14:32:19","slug":"products","status":"publish","type":"page","link":"https:\/\/welchsfruitsnacks.ca\/fr\/produits\/","title":{"rendered":"Produits"},"content":{"rendered":"<p>Les collations aux fruits de Welch\u2019s<sup>MD<\/sup> sont offertes en trois d\u00e9licieuses vari\u00e9t\u00e9s\u00a0: Collations aux Fruits de Welch\u2019s<sup>MD<\/sup>, Collations Fruit \u2019n Yogurt<sup>MC<\/sup> de Welch\u2019s<sup>MD<\/sup> et Collations aux fruits juteux Juicefuls<sup>\u00ae<\/sup> de Welch\u2019s. Chaque produit est fabriqu\u00e9 avec de vrais fruits pour une exp\u00e9rience all\u00e9chante que toute la famille adorera.<\/p>","protected":false},"excerpt":{"rendered":"<p>Les collations aux fruits de Welch\u2019sMD sont offertes en trois d\u00e9licieuses vari\u00e9t\u00e9s\u00a0: Collations aux Fruits de Welch\u2019sMD, Collations Fruit \u2019n YogurtMC de Welch\u2019sMD et Collations aux fruits juteux Juicefuls\u00ae de Welch\u2019s. Chaque produit est fabriqu\u00e9 avec de vrais fruits pour une exp\u00e9rience all\u00e9chante que toute la famille adorera.<\/p>\n","protected":false},"author":1,"featured_media":0,"parent":0,"menu_order":0,"comment_status":"closed","ping_status":"closed","template":"","meta":{"footnotes":""},"class_list":["post-142","page","type-page","status-publish","hentry"],"yoast_head":"<!-- This site is optimized with the Yoast SEO plugin v27.2 - https:\/\/yoast.com\/product\/yoast-seo-wordpress\/ -->\n<title>Fruit Snacks, Yogurt Fruit Snacks and Fruit Rolls - Welch\u2019s\u00ae Fruit Snacks<\/title>\n<meta name=\"description\" content=\"Welch\u2019s\u00ae Fruit Snacks has 3 distinct and delicious types of snacks: Welch\u2019s\u00ae Fruit Snacks, Welch\u2019s\u00ae Fruit \u2018n Yogurt\u2122 Snacks and Welch\u2019s\u00ae Fruit Rolls, all made with Real Fruit.\" \/>\n<meta name=\"robots\" content=\"index, follow, max-snippet:-1, max-image-preview:large, max-video-preview:-1\" \/>\n<link rel=\"canonical\" href=\"https:\/\/welchsfruitsnacks.ca\/products\/\" \/>\n<meta property=\"og:locale\" content=\"fr_FR\" \/>\n<meta property=\"og:type\" content=\"article\" \/>\n<meta property=\"og:title\" content=\"Fruit Snacks, Yogurt Fruit Snacks and Fruit Rolls - Welch\u2019s\u00ae Fruit Snacks\" \/>\n<meta property=\"og:description\" content=\"Welch\u2019s\u00ae Fruit Snacks has 3 distinct and delicious types of snacks: Welch\u2019s\u00ae Fruit Snacks, Welch\u2019s\u00ae Fruit \u2018n Yogurt\u2122 Snacks and Welch\u2019s\u00ae Fruit Rolls, all made with Real Fruit.\" \/>\n<meta property=\"og:url\" content=\"https:\/\/welchsfruitsnacks.ca\/products\/\" \/>\n<meta property=\"og:site_name\" content=\"Collations aux Fruits de Welch\u2019s\u1d39\u1d30\" \/>\n<meta property=\"article:publisher\" content=\"https:\/\/www.facebook.com\/WelchsFruitSnacks\" \/>\n<meta property=\"article:modified_time\" content=\"2026-02-11T14:32:19+00:00\" \/>\n<meta name=\"twitter:card\" content=\"summary_large_image\" \/>\n<meta name=\"twitter:site\" content=\"@WelchsFruitSnck\" \/>\n<meta name=\"twitter:label1\" content=\"Dur\u00e9e de lecture estim\u00e9e\" \/>\n\t<meta name=\"twitter:data1\" content=\"1 minute\" \/>\n<script type=\"application\/ld+json\" class=\"yoast-schema-graph\">{\"@context\":\"https:\/\/schema.org\",\"@graph\":[{\"@type\":\"WebPage\",\"@id\":\"https:\/\/welchsfruitsnacks.ca\/products\/\",\"url\":\"https:\/\/welchsfruitsnacks.ca\/products\/\",\"name\":\"Fruit Snacks, Yogurt Fruit Snacks and Fruit Rolls - Welch\u2019s\u00ae Fruit Snacks\",\"isPartOf\":{\"@id\":\"https:\/\/welchsfruitsnacks.ca\/#website\"},\"datePublished\":\"2018-08-01T07:22:35+00:00\",\"dateModified\":\"2026-02-11T14:32:19+00:00\",\"description\":\"Welch\u2019s\u00ae Fruit Snacks has 3 distinct and delicious types of snacks: Welch\u2019s\u00ae Fruit Snacks, Welch\u2019s\u00ae Fruit \u2018n Yogurt\u2122 Snacks and Welch\u2019s\u00ae Fruit Rolls, all made with Real Fruit.\",\"breadcrumb\":{\"@id\":\"https:\/\/welchsfruitsnacks.ca\/products\/#breadcrumb\"},\"inLanguage\":\"fr-FR\",\"potentialAction\":[{\"@type\":\"ReadAction\",\"target\":[\"https:\/\/welchsfruitsnacks.ca\/products\/\"]}]},{\"@type\":\"BreadcrumbList\",\"@id\":\"https:\/\/welchsfruitsnacks.ca\/products\/#breadcrumb\",\"itemListElement\":[{\"@type\":\"ListItem\",\"position\":1,\"name\":\"Home\",\"item\":\"https:\/\/welchsfruitsnacks.ca\/\"},{\"@type\":\"ListItem\",\"position\":2,\"name\":\"Products\"}]},{\"@type\":\"WebSite\",\"@id\":\"https:\/\/welchsfruitsnacks.ca\/#website\",\"url\":\"https:\/\/welchsfruitsnacks.ca\/\",\"name\":\"Collations aux Fruits de Welch\u2019s\u1d39\u1d30\",\"description\":\"Fabriqu\u00e9es avec de vrais fruits\",\"potentialAction\":[{\"@type\":\"SearchAction\",\"target\":{\"@type\":\"EntryPoint\",\"urlTemplate\":\"https:\/\/welchsfruitsnacks.ca\/?s={search_term_string}\"},\"query-input\":{\"@type\":\"PropertyValueSpecification\",\"valueRequired\":true,\"valueName\":\"search_term_string\"}}],\"inLanguage\":\"fr-FR\"}]}<\/script>\n<!-- \/ Yoast SEO plugin. -->","yoast_head_json":{"title":"Fruit Snacks, Yogurt Fruit Snacks and Fruit Rolls - Welch\u2019s\u00ae Fruit Snacks","description":"Welch\u2019s\u00ae Fruit Snacks has 3 distinct and delicious types of snacks: Welch\u2019s\u00ae Fruit Snacks, Welch\u2019s\u00ae Fruit \u2018n Yogurt\u2122 Snacks and Welch\u2019s\u00ae Fruit Rolls, all made with Real Fruit.","robots":{"index":"index","follow":"follow","max-snippet":"max-snippet:-1","max-image-preview":"max-image-preview:large","max-video-preview":"max-video-preview:-1"},"canonical":"https:\/\/welchsfruitsnacks.ca\/products\/","og_locale":"fr_FR","og_type":"article","og_title":"Fruit Snacks, Yogurt Fruit Snacks and Fruit Rolls - Welch\u2019s\u00ae Fruit Snacks","og_description":"Welch\u2019s\u00ae Fruit Snacks has 3 distinct and delicious types of snacks: Welch\u2019s\u00ae Fruit Snacks, Welch\u2019s\u00ae Fruit \u2018n Yogurt\u2122 Snacks and Welch\u2019s\u00ae Fruit Rolls, all made with Real Fruit.","og_url":"https:\/\/welchsfruitsnacks.ca\/products\/","og_site_name":"Collations aux Fruits de Welch\u2019s\u1d39\u1d30","article_publisher":"https:\/\/www.facebook.com\/WelchsFruitSnacks","article_modified_time":"2026-02-11T14:32:19+00:00","twitter_card":"summary_large_image","twitter_site":"@WelchsFruitSnck","twitter_misc":{"Dur\u00e9e de lecture estim\u00e9e":"1 minute"},"schema":{"@context":"https:\/\/schema.org","@graph":[{"@type":"WebPage","@id":"https:\/\/welchsfruitsnacks.ca\/products\/","url":"https:\/\/welchsfruitsnacks.ca\/products\/","name":"Fruit Snacks, Yogurt Fruit Snacks and Fruit Rolls - Welch\u2019s\u00ae Fruit Snacks","isPartOf":{"@id":"https:\/\/welchsfruitsnacks.ca\/#website"},"datePublished":"2018-08-01T07:22:35+00:00","dateModified":"2026-02-11T14:32:19+00:00","description":"Welch\u2019s\u00ae Fruit Snacks has 3 distinct and delicious types of snacks: Welch\u2019s\u00ae Fruit Snacks, Welch\u2019s\u00ae Fruit \u2018n Yogurt\u2122 Snacks and Welch\u2019s\u00ae Fruit Rolls, all made with Real Fruit.","breadcrumb":{"@id":"https:\/\/welchsfruitsnacks.ca\/products\/#breadcrumb"},"inLanguage":"fr-FR","potentialAction":[{"@type":"ReadAction","target":["https:\/\/welchsfruitsnacks.ca\/products\/"]}]},{"@type":"BreadcrumbList","@id":"https:\/\/welchsfruitsnacks.ca\/products\/#breadcrumb","itemListElement":[{"@type":"ListItem","position":1,"name":"Home","item":"https:\/\/welchsfruitsnacks.ca\/"},{"@type":"ListItem","position":2,"name":"Products"}]},{"@type":"WebSite","@id":"https:\/\/welchsfruitsnacks.ca\/#website","url":"https:\/\/welchsfruitsnacks.ca\/","name":"Collations aux Fruits de Welch\u2019s\u1d39\u1d30","description":"Fabriqu\u00e9es avec de vrais fruits","potentialAction":[{"@type":"SearchAction","target":{"@type":"EntryPoint","urlTemplate":"https:\/\/welchsfruitsnacks.ca\/?s={search_term_string}"},"query-input":{"@type":"PropertyValueSpecification","valueRequired":true,"valueName":"search_term_string"}}],"inLanguage":"fr-FR"}]}},"_links":{"self":[{"href":"https:\/\/welchsfruitsnacks.ca\/fr\/wp-json\/wp\/v2\/pages\/142","targetHints":{"allow":["GET"]}}],"collection":[{"href":"https:\/\/welchsfruitsnacks.ca\/fr\/wp-json\/wp\/v2\/pages"}],"about":[{"href":"https:\/\/welchsfruitsnacks.ca\/fr\/wp-json\/wp\/v2\/types\/page"}],"author":[{"embeddable":true,"href":"https:\/\/welchsfruitsnacks.ca\/fr\/wp-json\/wp\/v2\/users\/1"}],"replies":[{"embeddable":true,"href":"https:\/\/welchsfruitsnacks.ca\/fr\/wp-json\/wp\/v2\/comments?post=142"}],"version-history":[{"count":39,"href":"https:\/\/welchsfruitsnacks.ca\/fr\/wp-json\/wp\/v2\/pages\/142\/revisions"}],"predecessor-version":[{"id":772,"href":"https:\/\/welchsfruitsnacks.ca\/fr\/wp-json\/wp\/v2\/pages\/142\/revisions\/772"}],"wp:attachment":[{"href":"https:\/\/welchsfruitsnacks.ca\/fr\/wp-json\/wp\/v2\/media?parent=142"}],"curies":[{"name":"wp","href":"https:\/\/api.w.org\/{rel}","templated":true}]}}